{"id":1663,"date":"2023-03-27T11:56:55","date_gmt":"2023-03-27T09:56:55","guid":{"rendered":"https:\/\/remontstrony.pl\/?page_id=1663"},"modified":"2023-03-29T11:48:16","modified_gmt":"2023-03-29T09:48:16","slug":"kampanie-reklamowe","status":"publish","type":"page","link":"https:\/\/remontstrony.opole.pl\/?page_id=1663","title":{"rendered":"Kampanie reklamowe"},"content":{"rendered":"\t\t<div data-elementor-type=\"wp-page\" data-elementor-id=\"1663\" class=\"elementor elementor-1663\">\n\t\t\t\t\t\t\t\t\t<section class=\"elementor-section elementor-top-section elementor-element elementor-element-24d17aa elementor-section-boxed elementor-section-height-default elementor-section-height-default\" data-id=\"24d17aa\" data-element_type=\"section\">\n\t\t\t\t\t\t<div class=\"elementor-container elementor-column-gap-no\">\n\t\t\t\t\t<div class=\"elementor-column elementor-col-50 elementor-top-column elementor-element elementor-element-f1892ec\" data-id=\"f1892ec\" data-element_type=\"column\">\n\t\t\t<div class=\"elementor-widget-wrap elementor-element-populated\">\n\t\t\t\t\t\t\t\t<div class=\"elementor-element elementor-element-fca60fe elementor-widget elementor-widget-heading\" data-id=\"fca60fe\" data-element_type=\"widget\" data-widget_type=\"heading.default\">\n\t\t\t\t<div class=\"elementor-widget-container\">\n\t\t\t<style>\/*! elementor - v3.10.1 - 17-01-2023 *\/\n.elementor-heading-title{padding:0;margin:0;line-height:1}.elementor-widget-heading .elementor-heading-title[class*=elementor-size-]>a{color:inherit;font-size:inherit;line-height:inherit}.elementor-widget-heading .elementor-heading-title.elementor-size-small{font-size:15px}.elementor-widget-heading .elementor-heading-title.elementor-size-medium{font-size:19px}.elementor-widget-heading .elementor-heading-title.elementor-size-large{font-size:29px}.elementor-widget-heading .elementor-heading-title.elementor-size-xl{font-size:39px}.elementor-widget-heading .elementor-heading-title.elementor-size-xxl{font-size:59px}<\/style><h2 class=\"elementor-heading-title elementor-size-default\">Twoja marka zas\u0142uguje na&nbsp;efektywne dzia\u0142ania<font color=\"#E82769\">.<\/font><\/h2>\t\t<\/div>\n\t\t\t\t<\/div>\n\t\t\t\t<div class=\"elementor-element elementor-element-9d5fb29 elementor-widget elementor-widget-text-editor\" data-id=\"9d5fb29\" data-element_type=\"widget\" data-widget_type=\"text-editor.default\">\n\t\t\t\t<div class=\"elementor-widget-container\">\n\t\t\t<style>\/*! elementor - v3.10.1 - 17-01-2023 *\/\n.elementor-widget-text-editor.elementor-drop-cap-view-stacked .elementor-drop-cap{background-color:#818a91;color:#fff}.elementor-widget-text-editor.elementor-drop-cap-view-framed .elementor-drop-cap{color:#818a91;border:3px solid;background-color:transparent}.elementor-widget-text-editor:not(.elementor-drop-cap-view-default) .elementor-drop-cap{margin-top:8px}.elementor-widget-text-editor:not(.elementor-drop-cap-view-default) .elementor-drop-cap-letter{width:1em;height:1em}.elementor-widget-text-editor .elementor-drop-cap{float:left;text-align:center;line-height:1;font-size:50px}.elementor-widget-text-editor .elementor-drop-cap-letter{display:inline-block}<\/style>\t\t\t\t<p><span style=\"font-weight: 400;\">Proponujemy po\u0142\u0105czy\u0107 dopasowane dzia\u0142ania marketingowe na wielu kana\u0142ach jednocze\u015bnie. Dotarcie z komunikacj\u0105 na wiele platform<\/span> ma na celu dotarcie do jak najwi\u0119kszej liczby potencjalnych klient\u00f3w.<\/p>\t\t\t\t\t\t<\/div>\n\t\t\t\t<\/div>\n\t\t\t\t\t<\/div>\n\t\t<\/div>\n\t\t\t\t<div class=\"elementor-column elementor-col-50 elementor-top-column elementor-element elementor-element-a7515c2\" data-id=\"a7515c2\" data-element_type=\"column\">\n\t\t\t<div class=\"elementor-widget-wrap elementor-element-populated\">\n\t\t\t\t\t\t\t\t<div class=\"elementor-element elementor-element-2a5ad31 elementor-widget elementor-widget-image\" data-id=\"2a5ad31\" data-element_type=\"widget\" data-widget_type=\"image.default\">\n\t\t\t\t<div class=\"elementor-widget-container\">\n\t\t\t<style>\/*! elementor - v3.10.1 - 17-01-2023 *\/\n.elementor-widget-image{text-align:center}.elementor-widget-image a{display:inline-block}.elementor-widget-image a img[src$=\".svg\"]{width:48px}.elementor-widget-image img{vertical-align:middle;display:inline-block}<\/style>\t\t\t\t\t\t\t\t\t\t\t\t<img loading=\"lazy\" decoding=\"async\" width=\"1024\" height=\"776\" src=\"https:\/\/remontstrony.opole.pl\/wp-content\/uploads\/2023\/03\/adsy-2-1024x776.jpg\" class=\"attachment-large size-large wp-image-1668\" alt=\"\" srcset=\"https:\/\/remontstrony.opole.pl\/wp-content\/uploads\/2023\/03\/adsy-2-1024x776.jpg 1024w, https:\/\/remontstrony.opole.pl\/wp-content\/uploads\/2023\/03\/adsy-2-300x227.jpg 300w, https:\/\/remontstrony.opole.pl\/wp-content\/uploads\/2023\/03\/adsy-2-768x582.jpg 768w, https:\/\/remontstrony.opole.pl\/wp-content\/uploads\/2023\/03\/adsy-2-1536x1164.jpg 1536w, https:\/\/remontstrony.opole.pl\/wp-content\/uploads\/2023\/03\/adsy-2.jpg 1600w\" sizes=\"auto, (max-width: 1024px) 100vw, 1024px\" \/>\t\t\t\t\t\t\t\t\t\t\t\t\t\t\t<\/div>\n\t\t\t\t<\/div>\n\t\t\t\t\t<\/div>\n\t\t<\/div>\n\t\t\t\t\t\t\t<\/div>\n\t\t<\/section>\n\t\t\t\t<section class=\"elementor-section elementor-top-section elementor-element elementor-element-f410900 ct-section-stretched elementor-section-full_width elementor-section-height-default elementor-section-height-default\" data-id=\"f410900\" data-element_type=\"section\" data-settings=\"{&quot;background_background&quot;:&quot;classic&quot;}\">\n\t\t\t\t\t\t<div class=\"elementor-container elementor-column-gap-no\">\n\t\t\t\t\t<div class=\"elementor-column elementor-col-50 elementor-top-column elementor-element elementor-element-6286788\" data-id=\"6286788\" data-element_type=\"column\" data-settings=\"{&quot;background_background&quot;:&quot;classic&quot;}\">\n\t\t\t<div class=\"elementor-widget-wrap elementor-element-populated\">\n\t\t\t\t\t\t\t\t<div class=\"elementor-element elementor-element-4b38d7e elementor-widget elementor-widget-image\" data-id=\"4b38d7e\" data-element_type=\"widget\" data-widget_type=\"image.default\">\n\t\t\t\t<div class=\"elementor-widget-container\">\n\t\t\t\t\t\t\t\t\t\t\t\t\t\t\t<img loading=\"lazy\" decoding=\"async\" width=\"1024\" height=\"682\" src=\"https:\/\/remontstrony.opole.pl\/wp-content\/uploads\/2023\/03\/performence-9-1024x682.jpg\" class=\"attachment-large size-large wp-image-1763\" alt=\"\" srcset=\"https:\/\/remontstrony.opole.pl\/wp-content\/uploads\/2023\/03\/performence-9-1024x682.jpg 1024w, https:\/\/remontstrony.opole.pl\/wp-content\/uploads\/2023\/03\/performence-9-300x200.jpg 300w, https:\/\/remontstrony.opole.pl\/wp-content\/uploads\/2023\/03\/performence-9-768x511.jpg 768w, https:\/\/remontstrony.opole.pl\/wp-content\/uploads\/2023\/03\/performence-9-1536x1022.jpg 1536w, https:\/\/remontstrony.opole.pl\/wp-content\/uploads\/2023\/03\/performence-9.jpg 1800w\" sizes=\"auto, (max-width: 1024px) 100vw, 1024px\" \/>\t\t\t\t\t\t\t\t\t\t\t\t\t\t\t<\/div>\n\t\t\t\t<\/div>\n\t\t\t\t\t<\/div>\n\t\t<\/div>\n\t\t\t\t<div class=\"elementor-column elementor-col-50 elementor-top-column elementor-element elementor-element-8f89a2a\" data-id=\"8f89a2a\" data-element_type=\"column\" data-settings=\"{&quot;background_background&quot;:&quot;classic&quot;}\">\n\t\t\t<div class=\"elementor-widget-wrap elementor-element-populated\">\n\t\t\t\t\t\t\t\t<div class=\"elementor-element elementor-element-b523fd5 elementor-widget elementor-widget-text-editor\" data-id=\"b523fd5\" data-element_type=\"widget\" data-widget_type=\"text-editor.default\">\n\t\t\t\t<div class=\"elementor-widget-container\">\n\t\t\t\t\t\t\t<p><span style=\"font-weight: 400;\">Dopasowane formaty i tre\u015bci na ka\u017cd\u0105 platform\u0119.\u00a0<\/span><\/p>\t\t\t\t\t\t<\/div>\n\t\t\t\t<\/div>\n\t\t\t\t<div class=\"elementor-element elementor-element-90be004 elementor-widget elementor-widget-heading\" data-id=\"90be004\" data-element_type=\"widget\" data-widget_type=\"heading.default\">\n\t\t\t\t<div class=\"elementor-widget-container\">\n\t\t\t<h2 class=\"elementor-heading-title elementor-size-default\">Dlaczego?<\/h2>\t\t<\/div>\n\t\t\t\t<\/div>\n\t\t\t\t<div class=\"elementor-element elementor-element-c40eebc elementor-widget elementor-widget-text-editor\" data-id=\"c40eebc\" data-element_type=\"widget\" data-widget_type=\"text-editor.default\">\n\t\t\t\t<div class=\"elementor-widget-container\">\n\t\t\t\t\t\t\t<p><span style=\"font-weight: 400;\">W dzisiejszych czasach klienci korzystaj\u0105 z wielu r\u00f3\u017cnych kana\u0142\u00f3w, aby komunikowa\u0107 si\u0119 z markami i szuka\u0107 informacji na temat produkt\u00f3w i us\u0142ug. Musimy sie do tego dopasowa\u0107.<\/span><\/p>\t\t\t\t\t\t<\/div>\n\t\t\t\t<\/div>\n\t\t\t\t\t<\/div>\n\t\t<\/div>\n\t\t\t\t\t\t\t<\/div>\n\t\t<\/section>\n\t\t\t\t<section class=\"elementor-section elementor-top-section elementor-element elementor-element-2307719 elementor-section-boxed elementor-section-height-default elementor-section-height-default\" data-id=\"2307719\" data-element_type=\"section\">\n\t\t\t\t\t\t<div class=\"elementor-container elementor-column-gap-no\">\n\t\t\t\t\t<div class=\"elementor-column elementor-col-50 elementor-top-column elementor-element elementor-element-e1d81ac\" data-id=\"e1d81ac\" data-element_type=\"column\">\n\t\t\t<div class=\"elementor-widget-wrap elementor-element-populated\">\n\t\t\t\t\t\t\t\t<div class=\"elementor-element elementor-element-76326f6 elementor-widget elementor-widget-heading\" data-id=\"76326f6\" data-element_type=\"widget\" data-widget_type=\"heading.default\">\n\t\t\t\t<div class=\"elementor-widget-container\">\n\t\t\t<h2 class=\"elementor-heading-title elementor-size-default\">Wykorzystaj potencja\u0142 nowych technologi<font color=\"#E82769\">.<\/font><\/h2>\t\t<\/div>\n\t\t\t\t<\/div>\n\t\t\t\t<div class=\"elementor-element elementor-element-68ea85f elementor-widget elementor-widget-text-editor\" data-id=\"68ea85f\" data-element_type=\"widget\" data-widget_type=\"text-editor.default\">\n\t\t\t\t<div class=\"elementor-widget-container\">\n\t\t\t\t\t\t\t<p>Jest wiele dr\u00f3g do osi\u0105gni\u0119cia zamierzonego celu. Wa\u017cne jest, aby dopasowa\u0107 strategi\u0119 marketingow\u0105 do specyfiki Twojej bran\u017cy i grupy docelowej, aby zwi\u0119kszy\u0107 skuteczno\u015b\u0107 dzia\u0142a\u0144 i dotrze\u0107 do jak najwi\u0119kszej liczby potencjalnych klient\u00f3w.<\/p>\t\t\t\t\t\t<\/div>\n\t\t\t\t<\/div>\n\t\t\t\t\t<\/div>\n\t\t<\/div>\n\t\t\t\t<div class=\"elementor-column elementor-col-50 elementor-top-column elementor-element elementor-element-eba053e\" data-id=\"eba053e\" data-element_type=\"column\">\n\t\t\t<div class=\"elementor-widget-wrap elementor-element-populated\">\n\t\t\t\t\t\t\t\t<div class=\"elementor-element elementor-element-f930801 elementor-widget elementor-widget-image\" data-id=\"f930801\" data-element_type=\"widget\" data-widget_type=\"image.default\">\n\t\t\t\t<div class=\"elementor-widget-container\">\n\t\t\t\t\t\t\t\t\t\t\t\t\t\t\t<img loading=\"lazy\" decoding=\"async\" width=\"1024\" height=\"655\" src=\"https:\/\/remontstrony.opole.pl\/wp-content\/uploads\/2023\/03\/performence-10-1024x655.jpg\" class=\"attachment-large size-large wp-image-1762\" alt=\"\" srcset=\"https:\/\/remontstrony.opole.pl\/wp-content\/uploads\/2023\/03\/performence-10-1024x655.jpg 1024w, https:\/\/remontstrony.opole.pl\/wp-content\/uploads\/2023\/03\/performence-10-300x192.jpg 300w, https:\/\/remontstrony.opole.pl\/wp-content\/uploads\/2023\/03\/performence-10-768x492.jpg 768w, https:\/\/remontstrony.opole.pl\/wp-content\/uploads\/2023\/03\/performence-10-1536x983.jpg 1536w, https:\/\/remontstrony.opole.pl\/wp-content\/uploads\/2023\/03\/performence-10.jpg 1800w\" sizes=\"auto, (max-width: 1024px) 100vw, 1024px\" \/>\t\t\t\t\t\t\t\t\t\t\t\t\t\t\t<\/div>\n\t\t\t\t<\/div>\n\t\t\t\t\t<\/div>\n\t\t<\/div>\n\t\t\t\t\t\t\t<\/div>\n\t\t<\/section>\n\t\t\t\t<section class=\"elementor-section elementor-top-section elementor-element elementor-element-4eb6099 elementor-section-boxed elementor-section-height-default elementor-section-height-default\" data-id=\"4eb6099\" data-element_type=\"section\" data-settings=\"{&quot;background_background&quot;:&quot;classic&quot;}\">\n\t\t\t\t\t\t<div class=\"elementor-container elementor-column-gap-default\">\n\t\t\t\t\t<div class=\"elementor-column elementor-col-100 elementor-top-column elementor-element elementor-element-341b9b2\" data-id=\"341b9b2\" data-element_type=\"column\" data-settings=\"{&quot;background_background&quot;:&quot;classic&quot;}\">\n\t\t\t<div class=\"elementor-widget-wrap elementor-element-populated\">\n\t\t\t\t\t\t\t\t<div class=\"elementor-element elementor-element-bbe25ff elementor-widget elementor-widget-image\" data-id=\"bbe25ff\" data-element_type=\"widget\" data-widget_type=\"image.default\">\n\t\t\t\t<div class=\"elementor-widget-container\">\n\t\t\t\t\t\t\t\t\t\t\t\t\t\t\t<img decoding=\"async\" src=\"https:\/\/remontstrony.opole.pl\/wp-content\/uploads\/elementor\/thumbs\/favicon-maax-white-q1cc5v44yjyh7pyf6luo8zj0rzpeyzqvxekv089q7c.png\" title=\"favicon-maax-white\" alt=\"favicon-maax-white\" loading=\"lazy\" \/>\t\t\t\t\t\t\t\t\t\t\t\t\t\t\t<\/div>\n\t\t\t\t<\/div>\n\t\t\t\t<div class=\"elementor-element elementor-element-b57c253 elementor-widget elementor-widget-heading\" data-id=\"b57c253\" data-element_type=\"widget\" data-widget_type=\"heading.default\">\n\t\t\t\t<div class=\"elementor-widget-container\">\n\t\t\t<h2 class=\"elementor-heading-title elementor-size-default\">Jeste\u015b zainteresowany <br>efektywnymi dzia\u0142aniami marketingowymi?<\/h2>\t\t<\/div>\n\t\t\t\t<\/div>\n\t\t\t\t<div class=\"elementor-element elementor-element-de1488e elementor-widget elementor-widget-text-editor\" data-id=\"de1488e\" data-element_type=\"widget\" data-widget_type=\"text-editor.default\">\n\t\t\t\t<div class=\"elementor-widget-container\">\n\t\t\t\t\t\t\t<p>Skontaktuj si\u0119 z nami.<\/p>\t\t\t\t\t\t<\/div>\n\t\t\t\t<\/div>\n\t\t\t\t<div class=\"elementor-element elementor-element-12421ff elementor-align-center elementor-widget elementor-widget-button\" data-id=\"12421ff\" data-element_type=\"widget\" data-widget_type=\"button.default\">\n\t\t\t\t<div class=\"elementor-widget-container\">\n\t\t\t\t\t<div class=\"elementor-button-wrapper\">\n\t\t\t<a href=\"#\" class=\"elementor-button-link elementor-button elementor-size-lg elementor-animation-wobble-vertical\" role=\"button\">\n\t\t\t\t\t\t<span class=\"elementor-button-content-wrapper\">\n\t\t\t\t\t\t<span class=\"elementor-button-text\">Porozmawiajmy o Twoim projekcie<\/span>\n\t\t<\/span>\n\t\t\t\t\t<\/a>\n\t\t<\/div>\n\t\t\t\t<\/div>\n\t\t\t\t<\/div>\n\t\t\t\t\t<\/div>\n\t\t<\/div>\n\t\t\t\t\t\t\t<\/div>\n\t\t<\/section>\n\t\t\t\t\t\t\t<\/div>\n\t\t","protected":false},"excerpt":{"rendered":"<p>Twoja marka zas\u0142uguje na&nbsp;efektywne dzia\u0142ania. Proponujemy po\u0142\u0105czy\u0107 dopasowane dzia\u0142ania marketingowe na wielu kana\u0142ach jednocze\u015bnie. Dotarcie z komunikacj\u0105 na wiele platform ma na celu dotarcie do jak najwi\u0119kszej liczby potencjalnych klient\u00f3w. Dopasowane formaty i tre\u015bci na ka\u017cd\u0105 platform\u0119.\u00a0 Dlaczego? W dzisiejszych czasach klienci korzystaj\u0105 z wielu r\u00f3\u017cnych kana\u0142\u00f3w, aby komunikowa\u0107 si\u0119 z markami i szuka\u0107 informacji [&hellip;]<\/p>\n","protected":false},"author":1,"featured_media":0,"parent":0,"menu_order":0,"comment_status":"closed","ping_status":"closed","template":"","meta":{"footnotes":""},"class_list":["post-1663","page","type-page","status-publish","hentry"],"blocksy_meta":{"styles_descriptor":{"styles":{"desktop":"","tablet":"","mobile":""},"google_fonts":[],"version":6}},"_links":{"self":[{"href":"https:\/\/remontstrony.opole.pl\/index.php?rest_route=\/wp\/v2\/pages\/1663","targetHints":{"allow":["GET"]}}],"collection":[{"href":"https:\/\/remontstrony.opole.pl\/index.php?rest_route=\/wp\/v2\/pages"}],"about":[{"href":"https:\/\/remontstrony.opole.pl\/index.php?rest_route=\/wp\/v2\/types\/page"}],"author":[{"embeddable":true,"href":"https:\/\/remontstrony.opole.pl\/index.php?rest_route=\/wp\/v2\/users\/1"}],"replies":[{"embeddable":true,"href":"https:\/\/remontstrony.opole.pl\/index.php?rest_route=%2Fwp%2Fv2%2Fcomments&post=1663"}],"version-history":[{"count":121,"href":"https:\/\/remontstrony.opole.pl\/index.php?rest_route=\/wp\/v2\/pages\/1663\/revisions"}],"predecessor-version":[{"id":1911,"href":"https:\/\/remontstrony.opole.pl\/index.php?rest_route=\/wp\/v2\/pages\/1663\/revisions\/1911"}],"wp:attachment":[{"href":"https:\/\/remontstrony.opole.pl\/index.php?rest_route=%2Fwp%2Fv2%2Fmedia&parent=1663"}],"curies":[{"name":"wp","href":"https:\/\/api.w.org\/{rel}","templated":true}]}}